{"id":797,"date":"2022-09-28T15:01:49","date_gmt":"2022-09-28T13:01:49","guid":{"rendered":"https:\/\/www.viel-plastiques.fr\/a-propos\/"},"modified":"2023-07-17T17:50:05","modified_gmt":"2023-07-17T15:50:05","slug":"our-company","status":"publish","type":"page","link":"https:\/\/www.viel-plastiques.fr\/en\/our-company\/","title":{"rendered":"Our company"},"content":{"rendered":"\n<div class=\"wp-block-group wrap_top_page\"><div class=\"wp-block-group__inner-container is-layout-flow wp-block-group-is-layout-flow\">\n<figure class=\"wp-block-image size-large\"><img decoding=\"async\" width=\"1024\" height=\"690\" src=\"https:\/\/www.viel-plastiques.fr\/wp-content\/uploads\/\/locaux-viel-plastiques-international-devanture-1024x690.jpg\" alt=\"Locaux Viel Plastiques Internationale\" class=\"wp-image-589\" srcset=\"https:\/\/www.viel-plastiques.fr\/wp-content\/uploads\/locaux-viel-plastiques-international-devanture-1024x690.jpg 1024w, https:\/\/www.viel-plastiques.fr\/wp-content\/uploads\/locaux-viel-plastiques-international-devanture-300x202.jpg 300w, https:\/\/www.viel-plastiques.fr\/wp-content\/uploads\/locaux-viel-plastiques-international-devanture-768x517.jpg 768w, https:\/\/www.viel-plastiques.fr\/wp-content\/uploads\/locaux-viel-plastiques-international-devanture-1536x1034.jpg 1536w, https:\/\/www.viel-plastiques.fr\/wp-content\/uploads\/locaux-viel-plastiques-international-devanture.jpg 2000w\" sizes=\"(max-width: 1024px) 100vw, 1024px\" \/><\/figure>\n\n\n\n<h1 class=\"wp-block-heading\">About VIEL Plastiques<\/h1>\n\n\n\n<p>In 1952, Simone VIEL created a plastics processing company in her own name. She was a <strong>pioneer as a woman entrepreneur,<\/strong> a first for her time. Entrepreneurial and visionary, she knew how to give her craft company a will to innovate.<\/p>\n\n\n\n<p>On the lookout for new technologies, she invested early on in <strong>innovative machinery during the boom in the plastics industry<\/strong>.<\/p>\n\n\n\n<p>Daniel Viel continued this approach with his father Henri, focusing on large tonnage machines to target the most specific markets of the time. Convinced of the possibilities offered by exporting, he developed commercial relations throughout the world, particularly with Africa<\/p>\n<\/div><\/div>\n\n\n\n<div class=\"wp-block-group bg_top_page\"><div class=\"wp-block-group__inner-container is-layout-flow wp-block-group-is-layout-flow\">\n<figure class=\"wp-block-image size-full\"><img decoding=\"async\" width=\"1024\" height=\"856\" src=\"https:\/\/www.viel-plastiques.fr\/wp-content\/uploads\/locaux-VIEL-plastiques-international.jpg\" alt=\"Locaux Viel Plastiques Internationale\" class=\"wp-image-591\" srcset=\"https:\/\/www.viel-plastiques.fr\/wp-content\/uploads\/locaux-VIEL-plastiques-international.jpg 1024w, https:\/\/www.viel-plastiques.fr\/wp-content\/uploads\/locaux-VIEL-plastiques-international-300x251.jpg 300w, https:\/\/www.viel-plastiques.fr\/wp-content\/uploads\/locaux-VIEL-plastiques-international-768x642.jpg 768w\" sizes=\"(max-width: 1024px) 100vw, 1024px\" \/><\/figure>\n\n\n\n<div class=\"wp-block-group\"><div class=\"wp-block-group__inner-container is-layout-flow wp-block-group-is-layout-flow\">\n<p>Viel Plastiques is also a major player in subcontracting. It supports companies in the technical development of their industrial projects in various fields such as accessibility, cosmetics, or the automobile industry. The company has developed its own products and specializes in packaging.&nbsp; <strong>Innovative, it has filed numerous patents in this field<\/strong>.<\/p>\n\n\n\n<p>It has made a name for itself thanks to its revolutionary plastic innovations: easy opening and closing systems for bags, the <a href=\"\/innovation\/#opentip\" title=\"\">Open Tip\u00ae<\/a> and the <a href=\"\/innovation\/#teartip\" title=\"\">Tear&amp;Tip\u00ae<\/a>.<\/p>\n\n\n\n<div style=\"height:25px\" aria-hidden=\"true\" class=\"wp-block-spacer\"><\/div>\n\n\n\n<div class=\"wp-block-buttons is-layout-flex wp-block-buttons-is-layout-flex\">\n<div class=\"wp-block-button button-base\"><a class=\"wp-block-button__link wp-element-button\" href=\"https:\/\/www.viel-plastiques.fr\/en\/innovation\/\">Discover our innovation<\/a><\/div>\n<\/div>\n<\/div><\/div>\n<\/div><\/div>\n\n\n\n<div class=\"wp-block-group wrap_first_home\"><div class=\"wp-block-group__inner-container is-layout-flow wp-block-group-is-layout-flow\">\n<div class=\"wp-block-columns wrap_content is-layout-flex wp-container-core-columns-is-layout-9d6595d7 wp-block-columns-is-layout-flex\">\n<div class=\"wp-block-column is-layout-flow wp-block-column-is-layout-flow\">\n<h2 class=\"wp-block-heading titre_border\">Innovations in plastics processing and capacity outsourcing<\/h2>\n\n\n\n<p>Over the past 70 years, VIEL Plastiques has <strong>accumulated unrivaled know-how in terms of plastics innovations<\/strong> and plastics processing, particularly in bi or tri-material.<\/p>\n\n\n\n<p>Daniel VIEL makes his knowledge available to <strong>assist companies in the feasibility of their plastic injection projects<\/strong>.<\/p>\n\n\n<div class=\"wp-block-image\">\n<figure class=\"alignright size-full\"><img decoding=\"async\" width=\"100\" height=\"102\" src=\"https:\/\/www.viel-plastiques.fr\/wp-content\/uploads\/viel-plastique-labelise-origine-ain.png\" alt=\"Viel Plastiques lab\u00e9lis\u00e9 Origin'Ain\" class=\"wp-image-1137\"\/><\/figure><\/div>\n\n\n<p>Recognized for his performance, Daniel VIEL has received several awards, including that of the <strong>best exporter in the region in 1984 and also awards for innovation<\/strong>:<\/p>\n\n\n\n<ul class=\"wp-block-list\">\n<li>Troph\u00e9e de l\u2019innovation \u00bb Les troph\u00e9es de l\u2019entreprise de l\u2019Ain 2018<\/li>\n\n\n\n<li>Prix de l\u2019innovation ARTINOV Chambre des M\u00e9tiers 2018<\/li>\n\n\n\n<li>Nomm\u00e9 dans la cat\u00e9gorie \u00ab fonctionnalit\u00e9 d\u2019usage \u00bb Oscar de l\u2019emballage 2019<\/li>\n\n\n\n<li>Prix Innovation Stars &amp; M\u00e9tiers 2022<\/li>\n<\/ul>\n<\/div>\n\n\n\n<div class=\"wp-block-column is-layout-flow wp-block-column-is-layout-flow\">\n<figure class=\"wp-block-image size-full border-image\"><img decoding=\"async\" width=\"935\" height=\"1024\" src=\"https:\/\/www.viel-plastiques.fr\/wp-content\/uploads\/innovation-plasturgie1.jpg\" alt=\"VIEL Plastiques, une entreprise familiale sp\u00e9cialis\u00e9e dans la transformation des mati\u00e8res plastiques \u00e0 Oyonnax\" class=\"wp-image-348\" srcset=\"https:\/\/www.viel-plastiques.fr\/wp-content\/uploads\/innovation-plasturgie1.jpg 935w, https:\/\/www.viel-plastiques.fr\/wp-content\/uploads\/innovation-plasturgie1-274x300.jpg 274w, https:\/\/www.viel-plastiques.fr\/wp-content\/uploads\/innovation-plasturgie1-768x841.jpg 768w\" sizes=\"(max-width: 935px) 100vw, 935px\" \/><\/figure>\n<\/div>\n<\/div>\n<\/div><\/div>\n\n\n\n<div id=\"historique\" class=\"wp-block-group wrap_chronologie wrap_content\"><div class=\"wp-block-group__inner-container is-layout-flow wp-block-group-is-layout-flow\">\n<h2 class=\"wp-block-heading\">Chronology<\/h2>\n\n\n\n<div class=\"wp-block-group timeline\"><div class=\"wp-block-group__inner-container is-layout-flow wp-block-group-is-layout-flow\">\n<div class=\"wp-block-group item_timeline\"><div class=\"wp-block-group__inner-container is-layout-flow wp-block-group-is-layout-flow\">\n<span>1952<\/span>\n<p>Creation of Simone VIEL&#8217;s craft business<\/p>\n<\/div><\/div>\n\n\n\n<div class=\"wp-block-group item_timeline\"><div class=\"wp-block-group__inner-container is-layout-flow wp-block-group-is-layout-flow\">\n<span>1972<\/span>\n<p>Henri VIEL &amp; sons<\/p>\n<\/div><\/div>\n\n\n\n<div class=\"wp-block-group item_timeline\"><div class=\"wp-block-group__inner-container is-layout-flow wp-block-group-is-layout-flow\">\n<span>1985<\/span>\n<p>VIEL Plastiques international<\/p>\n<\/div><\/div>\n\n\n\n<div class=\"wp-block-group item_timeline\"><div class=\"wp-block-group__inner-container is-layout-flow wp-block-group-is-layout-flow\">\n<span>2017<\/span>\n<p>Creation of Open Tip\u00ae innovation<\/p>\n<\/div><\/div>\n<\/div><\/div>\n<\/div><\/div>\n","protected":false},"excerpt":{"rendered":"<p>About VIEL Plastiques In 1952, Simone VIEL created a plastics [&hellip;]<\/p>\n","protected":false},"author":1,"featured_media":0,"parent":0,"menu_order":1,"comment_status":"closed","ping_status":"closed","template":"templates\/page-apropos.php","meta":{"_acf_changed":false,"footnotes":""},"class_list":["post-797","page","type-page","status-publish","hentry"],"acf":[],"aioseo_notices":[],"_links":{"self":[{"href":"https:\/\/www.viel-plastiques.fr\/en\/wp-json\/wp\/v2\/pages\/797","targetHints":{"allow":["GET"]}}],"collection":[{"href":"https:\/\/www.viel-plastiques.fr\/en\/wp-json\/wp\/v2\/pages"}],"about":[{"href":"https:\/\/www.viel-plastiques.fr\/en\/wp-json\/wp\/v2\/types\/page"}],"author":[{"embeddable":true,"href":"https:\/\/www.viel-plastiques.fr\/en\/wp-json\/wp\/v2\/users\/1"}],"replies":[{"embeddable":true,"href":"https:\/\/www.viel-plastiques.fr\/en\/wp-json\/wp\/v2\/comments?post=797"}],"version-history":[{"count":3,"href":"https:\/\/www.viel-plastiques.fr\/en\/wp-json\/wp\/v2\/pages\/797\/revisions"}],"predecessor-version":[{"id":1144,"href":"https:\/\/www.viel-plastiques.fr\/en\/wp-json\/wp\/v2\/pages\/797\/revisions\/1144"}],"wp:attachment":[{"href":"https:\/\/www.viel-plastiques.fr\/en\/wp-json\/wp\/v2\/media?parent=797"}],"curies":[{"name":"wp","href":"https:\/\/api.w.org\/{rel}","templated":true}]}}