{"id":857,"date":"2022-08-30T16:04:19","date_gmt":"2022-08-30T14:04:19","guid":{"rendered":"https:\/\/www.viel-plastiques.fr\/accueil\/"},"modified":"2024-06-11T09:38:49","modified_gmt":"2024-06-11T07:38:49","slug":"bienvenida","status":"publish","type":"page","link":"https:\/\/www.viel-plastiques.fr\/es\/","title":{"rendered":"Bienvenida"},"content":{"rendered":"\n<div class=\"wp-block-group wrap_first_home\"><div class=\"wp-block-group__inner-container is-layout-flow wp-block-group-is-layout-flow\">\n<div class=\"wp-block-columns wrap_content is-layout-flex wp-container-core-columns-is-layout-9d6595d7 wp-block-columns-is-layout-flex\">\n<div class=\"wp-block-column is-layout-flow wp-block-column-is-layout-flow\">\n<h2 class=\"wp-block-heading titre_border\">Viel PLASTICOS, una empresa familiar en Oyonnax<\/h2>\n\n\n\n<p>Con base en el coraz\u00f3n Del Valle de PLASTICOS en Oyonnax, Viel PLASTICOS es una empresa familiar especializada en la transformaci\u00f3n de materias pl\u00e1sticas.<\/p>\n\n\n\n<p>Fuerte de sus a\u00f1os de producci\u00f3n en diferentes \u00e1reas y dotado de un parque de m\u00e1quinas de alto rendimiento, particularmente con m\u00e1quinas de moldeo por inyecci\u00f3n de materiales, ha desarrollado su conocimiento en inyecci\u00f3n de pl\u00e1stico y se ha distinguido a trav\u00e9s de la innovaci\u00f3n al especializarse, por ejemplo, en sistemas de cierre y aperturapara bolsas.&nbsp;<\/p>\n\n\n\n<div class=\"wp-block-buttons is-layout-flex wp-block-buttons-is-layout-flex\">\n<div class=\"wp-block-button\"><a class=\"wp-block-button__link wp-element-button\" href=\"https:\/\/www.viel-plastiques.fr\/es\/de-que-trata-vp\/\" target=\"_blank\" rel=\"noreferrer noopener\">Aprender a conocernos<\/a><\/div>\n<\/div>\n<\/div>\n\n\n\n<div class=\"wp-block-column is-layout-flow wp-block-column-is-layout-flow\">\n<figure class=\"wp-block-image size-full\"><img decoding=\"async\" width=\"940\" height=\"788\" src=\"https:\/\/www.viel-plastiques.fr\/wp-content\/uploads\/image.png\" alt=\"\" class=\"wp-image-1372\" srcset=\"https:\/\/www.viel-plastiques.fr\/wp-content\/uploads\/image.png 940w, https:\/\/www.viel-plastiques.fr\/wp-content\/uploads\/image-300x251.png 300w, https:\/\/www.viel-plastiques.fr\/wp-content\/uploads\/image-768x644.png 768w\" sizes=\"(max-width: 940px) 100vw, 940px\" \/><\/figure>\n<\/div>\n<\/div>\n<\/div><\/div>\n\n\n\n<div class=\"wp-block-group nos_domaines wrap_content\"><div class=\"wp-block-group__inner-container is-layout-flow wp-block-group-is-layout-flow\">\n<p class=\"surtitre\">Nuestras \u00e1reas de competencia<\/p>\n\n\n\n<h2 class=\"wp-block-heading\">Viel Plastiques internacional, un socio confiable<\/h2>\n\n\n\n<div class=\"wp-block-columns is-layout-flex wp-container-core-columns-is-layout-9d6595d7 wp-block-columns-is-layout-flex\">\n<div class=\"wp-block-column is-layout-flow wp-block-column-is-layout-flow\">\n<figure class=\"wp-block-image size-full\"><img decoding=\"async\" width=\"220\" height=\"220\" src=\"https:\/\/www.viel-plastiques.fr\/wp-content\/uploads\/innovation-plasturgie-viel-plastiques.png\" alt=\"L'innovation plasturgie chez Viel Plastiques\" class=\"wp-image-645\" srcset=\"https:\/\/www.viel-plastiques.fr\/wp-content\/uploads\/innovation-plasturgie-viel-plastiques.png 220w, https:\/\/www.viel-plastiques.fr\/wp-content\/uploads\/innovation-plasturgie-viel-plastiques-150x150.png 150w\" sizes=\"(max-width: 220px) 100vw, 220px\" \/><\/figure>\n\n\n\n<p class=\"titre_colonne\"><strong>Innovaci\u00f3n de PLASTICOS<\/strong><\/p>\n\n\n\n<p>Consiente de la evoluci\u00f3n y la demanda del mercado de inyecci\u00f3n pl\u00e1stica, Viel Plastiques se esfuerza por adaptarse a la demanda y responde a nuevos desaf\u00edos de empresas y usarios finales.<\/p>\n\n\n\n<div class=\"wp-block-buttons is-layout-flex wp-block-buttons-is-layout-flex\">\n<div class=\"wp-block-button\"><a class=\"wp-block-button__link wp-element-button\" href=\"https:\/\/www.viel-plastiques.fr\/es\/innovacion\/\" target=\"_blank\" rel=\"noreferrer noopener\"><strong>Innovaci\u00f3n<\/strong><\/a><\/div>\n<\/div>\n<\/div>\n\n\n\n<div class=\"wp-block-column is-layout-flow wp-block-column-is-layout-flow\">\n<figure class=\"wp-block-image size-full\"><img decoding=\"async\" width=\"220\" height=\"220\" src=\"https:\/\/www.viel-plastiques.fr\/wp-content\/uploads\/sous-traitance-capacite-viel-plastiques.png\" alt=\"La sous-traitance de capacit\u00e9 chez Viel Plastique\" class=\"wp-image-646\" srcset=\"https:\/\/www.viel-plastiques.fr\/wp-content\/uploads\/sous-traitance-capacite-viel-plastiques.png 220w, https:\/\/www.viel-plastiques.fr\/wp-content\/uploads\/sous-traitance-capacite-viel-plastiques-150x150.png 150w\" sizes=\"(max-width: 220px) 100vw, 220px\" \/><\/figure>\n\n\n\n<p class=\"titre_colonne\"><strong>Subcontrataci\u00f3n y capacidad<\/strong><\/p>\n\n\n\n<p>Equipo de m\u00e1quinas muy capaces y una experiencia de m\u00e1s de una decena de a\u00f1os en la producci\u00f3n por diversos sectores.\u00a0 Viel Plastiques lleva a bien su producci\u00f3n en el \u00e1rea de moldes para inyecci\u00f3n pl\u00e1stica.<\/p>\n\n\n\n<div class=\"wp-block-buttons is-layout-flex wp-block-buttons-is-layout-flex\">\n<div class=\"wp-block-button\"><a class=\"wp-block-button__link wp-element-button\" href=\"https:\/\/www.viel-plastiques.fr\/es\/moldeo-por-inyeccion\/\" target=\"_blank\" rel=\"noreferrer noopener\"><strong>Subcontrataci\u00f3n y capacidad<\/strong><\/a><\/div>\n<\/div>\n<\/div>\n\n\n\n<div class=\"wp-block-column is-layout-flow wp-block-column-is-layout-flow\">\n<figure class=\"wp-block-image size-full\"><img decoding=\"async\" width=\"220\" height=\"220\" src=\"https:\/\/www.viel-plastiques.fr\/wp-content\/uploads\/accompagnement-industrialisation-viel-plastiques.png\" alt=\"L'accompagnement de projet industriel chez Viel Plastiques\" class=\"wp-image-648\" srcset=\"https:\/\/www.viel-plastiques.fr\/wp-content\/uploads\/accompagnement-industrialisation-viel-plastiques.png 220w, https:\/\/www.viel-plastiques.fr\/wp-content\/uploads\/accompagnement-industrialisation-viel-plastiques-150x150.png 150w\" sizes=\"(max-width: 220px) 100vw, 220px\" \/><\/figure>\n\n\n\n<p class=\"titre_colonne\"><strong>Acompa\u00f1amiento de industrializaci\u00f3n<\/strong><\/p>\n\n\n\n<p>Viel Plastiques ofrece 70 a\u00f1os de conocimientos internacionales en moldeo por inyecci\u00f3n de pl\u00e1stico para apoyar sus proyectos de producci\u00f3n.<\/p>\n\n\n\n<div class=\"wp-block-buttons is-layout-flex wp-block-buttons-is-layout-flex\">\n<div class=\"wp-block-button\"><a class=\"wp-block-button__link wp-element-button\" href=\"https:\/\/www.viel-plastiques.fr\/es\/acompanamiento\/\" target=\"_blank\" rel=\"noreferrer noopener\"><strong>Acompa\u00f1amiento<\/strong><\/a><\/div>\n<\/div>\n<\/div>\n<\/div>\n<\/div><\/div>\n\n\n\n<div class=\"wp-block-group wrap_rassurance wrap_content\"><div class=\"wp-block-group__inner-container is-layout-flow wp-block-group-is-layout-flow\">\n<h2 class=\"wp-block-heading\">Porqu\u00e9 darnos su confianza?<\/h2>\n\n\n\n<div class=\"wp-block-columns is-layout-flex wp-container-core-columns-is-layout-9d6595d7 wp-block-columns-is-layout-flex\">\n<div class=\"wp-block-column is-layout-flow wp-block-column-is-layout-flow\">\n<figure class=\"wp-block-image size-full\"><a href=\"https:\/\/www.viel-plastiques.fr\/es\/de-que-trata-vp\/\"><img decoding=\"async\" width=\"90\" height=\"90\" src=\"https:\/\/www.viel-plastiques.fr\/wp-content\/uploads\/viel-plastiques-societe-familiale-injection-plastique.png\" alt=\"Viel Plastiques soci\u00e9t\u00e9 familiale injection plastique Oyonnax\" class=\"wp-image-649\"\/><\/a><\/figure>\n\n\n\n<p><a href=\"https:\/\/www.viel-plastiques.fr\/es\/de-que-trata-vp\/\" target=\"_blank\" rel=\"noopener\" title=\"De que trata VP\">Sociedad familiar<\/a><\/p>\n<\/div>\n\n\n\n<div class=\"wp-block-column is-layout-flow wp-block-column-is-layout-flow\">\n<figure class=\"wp-block-image size-full\"><a href=\"https:\/\/www.viel-plastiques.fr\/es\/de-que-trata-vp\/#historique\"><img decoding=\"async\" width=\"90\" height=\"90\" src=\"https:\/\/www.viel-plastiques.fr\/wp-content\/uploads\/50-ans-experience-innovation-plasturgie-viel-plastiques.png\" alt=\"Viel Plastiques 50 ans d'exp\u00e9rience dans l'innovation et l'injection plastique\" class=\"wp-image-650\"\/><\/a><\/figure>\n\n\n\n<p><a href=\"https:\/\/www.viel-plastiques.fr\/es\/de-que-trata-vp\/#historique\" target=\"_blank\" rel=\"noopener\" title=\"\">M\u00e1s de 50 a\u00f1os de experiencia<\/a><\/p>\n<\/div>\n\n\n\n<div class=\"wp-block-column is-layout-flow wp-block-column-is-layout-flow\">\n<figure class=\"wp-block-image size-full\"><a href=\"https:\/\/www.viel-plastiques.fr\/es\/acompanamiento\/\"><img decoding=\"async\" width=\"90\" height=\"90\" src=\"https:\/\/www.viel-plastiques.fr\/wp-content\/uploads\/repect-delais-sous-traitance-capacite-injection-plastique.png\" alt=\"Respect des d\u00e9lais sous-traitance capacite\" class=\"wp-image-651\"\/><\/a><\/figure>\n\n\n\n<p><a href=\"https:\/\/www.viel-plastiques.fr\/es\/acompanamiento\/\" target=\"_blank\" rel=\"noopener\" title=\"Acompa\u00f1amiento\">Respecto a env\u00edos<\/a><\/p>\n<\/div>\n\n\n\n<div class=\"wp-block-column is-layout-flow wp-block-column-is-layout-flow\">\n<figure class=\"wp-block-image size-full\"><a href=\"https:\/\/www.viel-plastiques.fr\/es\/moldeo-por-inyeccion\/\"><img decoding=\"async\" width=\"90\" height=\"90\" src=\"https:\/\/www.viel-plastiques.fr\/wp-content\/uploads\/savoir-faire-injection-plastique-reconnu.png\" alt=\"Viel Plastiques internationale reconnu pour son savoir faire en injection plastique\" class=\"wp-image-652\"\/><\/a><\/figure>\n\n\n\n<p><a href=\"https:\/\/www.viel-plastiques.fr\/es\/moldeo-por-inyeccion\/\" target=\"_blank\" rel=\"noopener\" title=\"Injection plastique\">Saber-Hacer reconocido<\/a><\/p>\n<\/div>\n<\/div>\n<\/div><\/div>\n","protected":false},"excerpt":{"rendered":"<p>Viel PLASTICOS, una empresa familiar en Oyonnax Con base en [&hellip;]<\/p>\n","protected":false},"author":1,"featured_media":0,"parent":0,"menu_order":0,"comment_status":"closed","ping_status":"closed","template":"","meta":{"_acf_changed":false,"footnotes":""},"class_list":["post-857","page","type-page","status-publish","hentry"],"acf":[],"aioseo_notices":[],"_links":{"self":[{"href":"https:\/\/www.viel-plastiques.fr\/es\/wp-json\/wp\/v2\/pages\/857","targetHints":{"allow":["GET"]}}],"collection":[{"href":"https:\/\/www.viel-plastiques.fr\/es\/wp-json\/wp\/v2\/pages"}],"about":[{"href":"https:\/\/www.viel-plastiques.fr\/es\/wp-json\/wp\/v2\/types\/page"}],"author":[{"embeddable":true,"href":"https:\/\/www.viel-plastiques.fr\/es\/wp-json\/wp\/v2\/users\/1"}],"replies":[{"embeddable":true,"href":"https:\/\/www.viel-plastiques.fr\/es\/wp-json\/wp\/v2\/comments?post=857"}],"version-history":[{"count":5,"href":"https:\/\/www.viel-plastiques.fr\/es\/wp-json\/wp\/v2\/pages\/857\/revisions"}],"predecessor-version":[{"id":1417,"href":"https:\/\/www.viel-plastiques.fr\/es\/wp-json\/wp\/v2\/pages\/857\/revisions\/1417"}],"wp:attachment":[{"href":"https:\/\/www.viel-plastiques.fr\/es\/wp-json\/wp\/v2\/media?parent=857"}],"curies":[{"name":"wp","href":"https:\/\/api.w.org\/{rel}","templated":true}]}}