{"id":861,"date":"2022-09-28T15:01:49","date_gmt":"2022-09-28T13:01:49","guid":{"rendered":"https:\/\/www.viel-plastiques.fr\/a-propos\/"},"modified":"2024-05-23T16:15:39","modified_gmt":"2024-05-23T14:15:39","slug":"de-que-trata-vp","status":"publish","type":"page","link":"https:\/\/www.viel-plastiques.fr\/es\/de-que-trata-vp\/","title":{"rendered":"Nuestra Empresa"},"content":{"rendered":"\n<div class=\"wp-block-group wrap_top_page\"><div class=\"wp-block-group__inner-container is-layout-flow wp-block-group-is-layout-flow\">\n<figure class=\"wp-block-image size-large\"><img decoding=\"async\" width=\"1024\" height=\"690\" src=\"https:\/\/www.viel-plastiques.fr\/wp-content\/uploads\/\/locaux-viel-plastiques-international-devanture-1024x690.jpg\" alt=\"Locaux Viel Plastiques Internationale\" class=\"wp-image-589\" srcset=\"https:\/\/www.viel-plastiques.fr\/wp-content\/uploads\/locaux-viel-plastiques-international-devanture-1024x690.jpg 1024w, https:\/\/www.viel-plastiques.fr\/wp-content\/uploads\/locaux-viel-plastiques-international-devanture-300x202.jpg 300w, https:\/\/www.viel-plastiques.fr\/wp-content\/uploads\/locaux-viel-plastiques-international-devanture-768x517.jpg 768w, https:\/\/www.viel-plastiques.fr\/wp-content\/uploads\/locaux-viel-plastiques-international-devanture-1536x1034.jpg 1536w, https:\/\/www.viel-plastiques.fr\/wp-content\/uploads\/locaux-viel-plastiques-international-devanture.jpg 2000w\" sizes=\"(max-width: 1024px) 100vw, 1024px\" \/><\/figure>\n\n\n\n<h1 class=\"wp-block-heading\">Acerca de VIEL PLASTIQUES<\/h1>\n\n\n\n<p>En 1952 Simone viel\u00a0 crea a su nombre una empresa de transformaci\u00f3n de Materia pl\u00e1stica. <strong>Pionera ya como mujer Jefa de empresa<\/strong>, primera en su \u00e9poca. Emprendedora y visionaria, supo dar a su empresa artesanal voluntad de innovaci\u00f3n.<\/p>\n\n\n\n<p>En busca de nuevas tecnolog\u00edas, invirti\u00f3 desde el principio en <strong>maquinaria innovadora durante el auge de la industria del pl\u00e1stico.<\/strong><\/p>\n\n\n\n<p>Daniel Viel continu\u00f3 este enfoque con su padre Henri, centr\u00e1ndose en m\u00e1quinas de gran tonelaje para dirigirse a los mercados m\u00e1s espec\u00edficos de la \u00e9poca. Convencido de las posibilidades que ofrec\u00eda la exportaci\u00f3n, desarroll\u00f3 relaciones comerciales en todo el mundo, particularmente con \u00c1frica.<\/p>\n<\/div><\/div>\n\n\n\n<div class=\"wp-block-group bg_top_page\"><div class=\"wp-block-group__inner-container is-layout-flow wp-block-group-is-layout-flow\">\n<figure class=\"wp-block-image size-full\"><img decoding=\"async\" width=\"1024\" height=\"856\" src=\"https:\/\/www.viel-plastiques.fr\/wp-content\/uploads\/locaux-VIEL-plastiques-international.jpg\" alt=\"Locaux Viel Plastiques Internationale\" class=\"wp-image-591\" srcset=\"https:\/\/www.viel-plastiques.fr\/wp-content\/uploads\/locaux-VIEL-plastiques-international.jpg 1024w, https:\/\/www.viel-plastiques.fr\/wp-content\/uploads\/locaux-VIEL-plastiques-international-300x251.jpg 300w, https:\/\/www.viel-plastiques.fr\/wp-content\/uploads\/locaux-VIEL-plastiques-international-768x642.jpg 768w\" sizes=\"(max-width: 1024px) 100vw, 1024px\" \/><\/figure>\n\n\n\n<div class=\"wp-block-group\"><div class=\"wp-block-group__inner-container is-layout-flow wp-block-group-is-layout-flow\">\n<p>Viel Plastiques es tambi\u00e9n un actor que conta en el subcontrataci\u00f3n y acompa\u00f1a a las empresas en el desarrollo t\u00e9cnico de sus proyectos industriales en diferentes \u00e1reas c\u00f3mo la accesibilidad,\u00a0 la cosm\u00e9tica o el autom\u00f3vil. La empresa ha desarrollado productos propios y se especializa en empaques. <strong>Innovadora, ha presentado numerosas patentes en este campo.<\/strong><\/p>\n\n\n\n<p>Y se ha destacado gracias a sus revolucionarias innovaciones en pl\u00e1stico: sistemas f\u00e1ciles de abrir y cerrar para bolsas, el <a href=\"\/innovation\/#opentip\" title=\"\">Open Tip\u00ae<\/a> y el <a href=\"\/innovation\/#teartip\" title=\"\">Tear&amp;Tip\u00ae<\/a>.<\/p>\n\n\n\n<div style=\"height:25px\" aria-hidden=\"true\" class=\"wp-block-spacer\"><\/div>\n\n\n\n<div class=\"wp-block-buttons is-layout-flex wp-block-buttons-is-layout-flex\">\n<div class=\"wp-block-button button-base\"><a class=\"wp-block-button__link wp-element-button\" href=\"https:\/\/www.viel-plastiques.fr\/es\/innovacion\/\">Descubre nuestras innovaciones<\/a><\/div>\n<\/div>\n<\/div><\/div>\n<\/div><\/div>\n\n\n\n<div class=\"wp-block-group wrap_first_home\"><div class=\"wp-block-group__inner-container is-layout-flow wp-block-group-is-layout-flow\">\n<div class=\"wp-block-columns wrap_content is-layout-flex wp-container-core-columns-is-layout-9d6595d7 wp-block-columns-is-layout-flex\">\n<div class=\"wp-block-column is-layout-flow wp-block-column-is-layout-flow\">\n<h2 class=\"wp-block-heading titre_border\">Innovaci\u00f3n pl\u00e1stica y subcontrataci\u00f3n de capacidad<\/h2>\n\n\n\n<p>VIEL Plastiques a todo lo largo de sus 70 a\u00f1os, <strong>ha acumulado un conocimiento inigualable en t\u00e9rminos de innovaci\u00f3n y procesamiento de pl\u00e1sticos<\/strong>, particularmente en bi o trimaterial.<\/p>\n\n\n\n<p>Daniel VIEL pone a disposici\u00f3n sus conocimientos para <strong>ayudar a las empresas en la viabilidad de sus proyectos de inyecci\u00f3n de pl\u00e1stico..<\/strong><\/p>\n\n\n<div class=\"wp-block-image\">\n<figure class=\"alignright size-full\"><img decoding=\"async\" width=\"100\" height=\"102\" src=\"https:\/\/www.viel-plastiques.fr\/wp-content\/uploads\/viel-plastique-labelise-origine-ain.png\" alt=\"Viel Plastiques lab\u00e9lis\u00e9 Origin'Ain\" class=\"wp-image-1137\"\/><\/figure><\/div>\n\n\n<p>Reconocido por sus resultados, Daniel VIEL recibi\u00f3 varios premios entre ellos el de Mejor exportador de la regi\u00f3n en 1984 y igualmente premios por la Innovaci\u00f3n:<\/p>\n\n\n\n<ul class=\"wp-block-list\">\n<li>Trofeo de innovaci\u00f3n: los trofeos de empresas de la Ain 2018<\/li>\n\n\n\n<li>Premio de innovaci\u00f3n ARTINOV CAMARA de oficios 2018<\/li>\n\n\n\n<li>Nombrado en la categor\u00eda \u00abfuncionalidad de uso\u00bb Oscar de l\u2019emballage 2019<\/li>\n\n\n\n<li>Premio innovaci\u00f3n Stars &amp; M\u00e9tiers  2022<\/li>\n<\/ul>\n<\/div>\n\n\n\n<div class=\"wp-block-column is-layout-flow wp-block-column-is-layout-flow\">\n<figure class=\"wp-block-image size-full border-image\"><img decoding=\"async\" width=\"935\" height=\"1024\" src=\"https:\/\/www.viel-plastiques.fr\/wp-content\/uploads\/innovation-plasturgie1.jpg\" alt=\"VIEL Plastiques, une entreprise familiale sp\u00e9cialis\u00e9e dans la transformation des mati\u00e8res plastiques \u00e0 Oyonnax\" class=\"wp-image-348\" srcset=\"https:\/\/www.viel-plastiques.fr\/wp-content\/uploads\/innovation-plasturgie1.jpg 935w, https:\/\/www.viel-plastiques.fr\/wp-content\/uploads\/innovation-plasturgie1-274x300.jpg 274w, https:\/\/www.viel-plastiques.fr\/wp-content\/uploads\/innovation-plasturgie1-768x841.jpg 768w\" sizes=\"(max-width: 935px) 100vw, 935px\" \/><\/figure>\n<\/div>\n<\/div>\n<\/div><\/div>\n\n\n\n<div id=\"historique\" class=\"wp-block-group wrap_chronologie wrap_content\"><div class=\"wp-block-group__inner-container is-layout-flow wp-block-group-is-layout-flow\">\n<h2 class=\"wp-block-heading\">Cronolog\u00eda<\/h2>\n\n\n\n<div class=\"wp-block-group timeline\"><div class=\"wp-block-group__inner-container is-layout-flow wp-block-group-is-layout-flow\">\n<div class=\"wp-block-group item_timeline\"><div class=\"wp-block-group__inner-container is-layout-flow wp-block-group-is-layout-flow\">\n<span>1952<\/span>\n<p>Creaci\u00f3n empresa artesanal Simone Viel<\/p>\n<\/div><\/div>\n\n\n\n<div class=\"wp-block-group item_timeline\"><div class=\"wp-block-group__inner-container is-layout-flow wp-block-group-is-layout-flow\">\n<span>1972<\/span>\n<p>Henri Viel e hijo<\/p>\n<\/div><\/div>\n\n\n\n<div class=\"wp-block-group item_timeline\"><div class=\"wp-block-group__inner-container is-layout-flow wp-block-group-is-layout-flow\">\n<span>1985<\/span>\n<p>Viel Plastiques international<\/p>\n<\/div><\/div>\n\n\n\n<div class=\"wp-block-group item_timeline\"><div class=\"wp-block-group__inner-container is-layout-flow wp-block-group-is-layout-flow\">\n<span>2017<\/span>\n<p>Creaci\u00f3n innovaci\u00f3n Open Tip\u00ae<\/p>\n<\/div><\/div>\n<\/div><\/div>\n<\/div><\/div>\n","protected":false},"excerpt":{"rendered":"<p>Acerca de VIEL PLASTIQUES En 1952 Simone viel\u00a0 crea a [&hellip;]<\/p>\n","protected":false},"author":1,"featured_media":0,"parent":0,"menu_order":1,"comment_status":"closed","ping_status":"closed","template":"templates\/page-apropos.php","meta":{"_acf_changed":false,"footnotes":""},"class_list":["post-861","page","type-page","status-publish","hentry"],"acf":[],"aioseo_notices":[],"_links":{"self":[{"href":"https:\/\/www.viel-plastiques.fr\/es\/wp-json\/wp\/v2\/pages\/861","targetHints":{"allow":["GET"]}}],"collection":[{"href":"https:\/\/www.viel-plastiques.fr\/es\/wp-json\/wp\/v2\/pages"}],"about":[{"href":"https:\/\/www.viel-plastiques.fr\/es\/wp-json\/wp\/v2\/types\/page"}],"author":[{"embeddable":true,"href":"https:\/\/www.viel-plastiques.fr\/es\/wp-json\/wp\/v2\/users\/1"}],"replies":[{"embeddable":true,"href":"https:\/\/www.viel-plastiques.fr\/es\/wp-json\/wp\/v2\/comments?post=861"}],"version-history":[{"count":4,"href":"https:\/\/www.viel-plastiques.fr\/es\/wp-json\/wp\/v2\/pages\/861\/revisions"}],"predecessor-version":[{"id":1310,"href":"https:\/\/www.viel-plastiques.fr\/es\/wp-json\/wp\/v2\/pages\/861\/revisions\/1310"}],"wp:attachment":[{"href":"https:\/\/www.viel-plastiques.fr\/es\/wp-json\/wp\/v2\/media?parent=861"}],"curies":[{"name":"wp","href":"https:\/\/api.w.org\/{rel}","templated":true}]}}